{"id":174,"date":"2023-08-01T15:36:15","date_gmt":"2023-08-01T13:36:15","guid":{"rendered":"https:\/\/hotellesterrasses.maintenance.madare.dev\/nos-partenaires\/"},"modified":"2025-11-21T15:00:43","modified_gmt":"2025-11-21T14:00:43","slug":"our-partners","status":"publish","type":"page","link":"https:\/\/hotellesterrasses.maintenance.madare.dev\/en\/our-partners\/","title":{"rendered":"Our partners"},"content":{"rendered":"<div data-elementor-type=\"wp-page\" data-elementor-id=\"174\" class=\"elementor elementor-174\" data-elementor-post-type=\"page\">\n\t\t\t\t<div class=\"elementor-element elementor-element-34b02641 e-con-full e-flex e-con e-parent\" data-id=\"34b02641\" data-element_type=\"container\" data-settings=\"{&quot;background_background&quot;:&quot;classic&quot;}\">\n\t\t<div class=\"elementor-element elementor-element-5679f1de e-flex e-con-boxed e-con e-child\" data-id=\"5679f1de\" data-element_type=\"container\">\n\t\t\t\t\t<div class=\"e-con-inner\">\n\t\t\t\t<div class=\"elementor-element elementor-element-5e586e6e elementor-widget elementor-widget-heading\" data-id=\"5e586e6e\" data-element_type=\"widget\" data-widget_type=\"heading.default\">\n\t\t\t\t<div class=\"elementor-widget-container\">\n\t\t\t\t\t<h1 class=\"elementor-heading-title elementor-size-default\">Our partners<\/h1>\t\t\t\t<\/div>\n\t\t\t\t<\/div>\n\t\t\t\t<div class=\"elementor-element elementor-element-6c0116c6 elementor-view-default elementor-widget elementor-widget-icon\" data-id=\"6c0116c6\" data-element_type=\"widget\" data-widget_type=\"icon.default\">\n\t\t\t\t<div class=\"elementor-widget-container\">\n\t\t\t\t\t\t\t<div class=\"elementor-icon-wrapper\">\n\t\t\t<div class=\"elementor-icon\">\n\t\t\t<svg xmlns=\"http:\/\/www.w3.org\/2000\/svg\" width=\"4721\" height=\"1024\" viewbox=\"0 0 4721 1024\"><title><\/title><g id=\"icomoon-ignore\"><\/g><path d=\"M4719.542 686.137c-14.578-16.391-29.63-30.797-45.731-43.933l-0.218-0.176c-122.573-60.482-570.066-175.569-966.051-221.99-367.583-47.829-787.155-60.53-1213.579-30.621-77.228 5.417-154.039 12.186-230.41 20.283l11.070-1.091c-681.528 68.27-1275.654 115.060-1579.65 85.212-377.404-36.852-611.317-125.343-675.959-162.385l-7.504 2.445c141.201 115.371 309.437 199.358 492.55 241.439l8.695 1.64c377.96 99.496 793.208 119.621 1398.815 54.117 647.481-70.36 1808.145-238.118 2823.135 70.626z\"><\/path><\/svg>\t\t\t<\/div>\n\t\t<\/div>\n\t\t\t\t\t\t<\/div>\n\t\t\t\t<\/div>\n\t\t\t\t\t<\/div>\n\t\t\t\t<\/div>\n\t\t\t\t<\/div>\n\t\t<div class=\"elementor-element elementor-element-89f801c e-flex e-con-boxed e-con e-parent\" data-id=\"89f801c\" data-element_type=\"container\">\n\t\t\t\t\t<div class=\"e-con-inner\">\n\t\t<div class=\"elementor-element elementor-element-fee426e e-con-full e-flex e-con e-child\" data-id=\"fee426e\" data-element_type=\"container\">\n\t\t<div class=\"elementor-element elementor-element-9451e36 e-flex e-con-boxed e-con e-child\" data-id=\"9451e36\" data-element_type=\"container\" data-settings=\"{&quot;background_background&quot;:&quot;classic&quot;}\">\n\t\t\t\t\t<div class=\"e-con-inner\">\n\t\t\t\t<div class=\"elementor-element elementor-element-f9a1dfe elementor-widget elementor-widget-image\" data-id=\"f9a1dfe\" data-element_type=\"widget\" data-widget_type=\"image.default\">\n\t\t\t\t<div class=\"elementor-widget-container\">\n\t\t\t\t\t\t\t\t\t\t\t\t\t\t\t<img decoding=\"async\" src=\"https:\/\/hotellesterrasses.maintenance.madare.dev\/wp-content\/uploads\/elementor\/thumbs\/atlanthal-eliophot-arsandaux-300-rdvktt97syc9063pkn8i6r2ksmnvjv6tf50wxm4jog.jpg\" title=\"atlanthal-eliophot-arsandals-300\" alt=\"atlanthal-eliophot-arsandals-300\" loading=\"lazy\" \/>\t\t\t\t\t\t\t\t\t\t\t\t\t\t\t<\/div>\n\t\t\t\t<\/div>\n\t\t\t\t\t<\/div>\n\t\t\t\t<\/div>\n\t\t\t\t<\/div>\n\t\t<div class=\"elementor-element elementor-element-c06edd6 e-con-full e-flex e-con e-child\" data-id=\"c06edd6\" data-element_type=\"container\">\n\t\t\t\t<div class=\"elementor-element elementor-element-d386b11 elementor-widget elementor-widget-heading\" data-id=\"d386b11\" data-element_type=\"widget\" data-widget_type=\"heading.default\">\n\t\t\t\t<div class=\"elementor-widget-container\">\n\t\t\t\t\t<h3 class=\"elementor-heading-title elementor-size-default\">MARKS OF CONFIDENCE<\/h3>\t\t\t\t<\/div>\n\t\t\t\t<\/div>\n\t\t\t\t<div class=\"elementor-element elementor-element-b6904a1 elementor-widget elementor-widget-heading\" data-id=\"b6904a1\" data-element_type=\"widget\" data-widget_type=\"heading.default\">\n\t\t\t\t<div class=\"elementor-widget-container\">\n\t\t\t\t\t<h2 class=\"elementor-heading-title elementor-size-default\">PARTNERS Of the hotel Les terrasses<\/h2>\t\t\t\t<\/div>\n\t\t\t\t<\/div>\n\t\t\t\t<div class=\"elementor-element elementor-element-d42aa71 elementor-widget elementor-widget-text-editor\" data-id=\"d42aa71\" data-element_type=\"widget\" data-widget_type=\"text-editor.default\">\n\t\t\t\t<div class=\"elementor-widget-container\">\n\t\t\t\t\t\t\t\t\t<p>Discover all the partners of our hotel Les Terrasses. All the brands we trust every day to provide you with the very best when you stay at our hotel in the Basque Country.<\/p><p>\u00a0<\/p>\t\t\t\t\t\t\t\t<\/div>\n\t\t\t\t<\/div>\n\t\t\t\t<\/div>\n\t\t\t\t\t<\/div>\n\t\t\t\t<\/div>\n\t\t<div class=\"elementor-element elementor-element-6d664c75 e-flex e-con-boxed e-con e-parent\" data-id=\"6d664c75\" data-element_type=\"container\">\n\t\t\t\t\t<div class=\"e-con-inner\">\n\t\t\t\t<div class=\"elementor-element elementor-element-3983dd7b elementor-widget elementor-widget-heading\" data-id=\"3983dd7b\" data-element_type=\"widget\" data-widget_type=\"heading.default\">\n\t\t\t\t<div class=\"elementor-widget-container\">\n\t\t\t\t\t<h2 class=\"elementor-heading-title elementor-size-default\">Our partners<\/h2>\t\t\t\t<\/div>\n\t\t\t\t<\/div>\n\t\t\t\t<div class=\"elementor-element elementor-element-0512582 elementor-view-default elementor-widget elementor-widget-icon\" data-id=\"0512582\" data-element_type=\"widget\" data-widget_type=\"icon.default\">\n\t\t\t\t<div class=\"elementor-widget-container\">\n\t\t\t\t\t\t\t<div class=\"elementor-icon-wrapper\">\n\t\t\t<div class=\"elementor-icon\">\n\t\t\t<svg xmlns=\"http:\/\/www.w3.org\/2000\/svg\" width=\"4721\" height=\"1024\" viewbox=\"0 0 4721 1024\"><title><\/title><g id=\"icomoon-ignore\"><\/g><path d=\"M4719.542 686.137c-14.578-16.391-29.63-30.797-45.731-43.933l-0.218-0.176c-122.573-60.482-570.066-175.569-966.051-221.99-367.583-47.829-787.155-60.53-1213.579-30.621-77.228 5.417-154.039 12.186-230.41 20.283l11.070-1.091c-681.528 68.27-1275.654 115.060-1579.65 85.212-377.404-36.852-611.317-125.343-675.959-162.385l-7.504 2.445c141.201 115.371 309.437 199.358 492.55 241.439l8.695 1.64c377.96 99.496 793.208 119.621 1398.815 54.117 647.481-70.36 1808.145-238.118 2823.135 70.626z\"><\/path><\/svg>\t\t\t<\/div>\n\t\t<\/div>\n\t\t\t\t\t\t<\/div>\n\t\t\t\t<\/div>\n\t\t\t\t<div class=\"elementor-element elementor-element-47a573bb elementor-arrows-position-outside elementor-widget elementor-widget-image-carousel\" data-id=\"47a573bb\" data-element_type=\"widget\" data-settings=\"{&quot;navigation&quot;:&quot;arrows&quot;,&quot;slides_to_show&quot;:&quot;4&quot;,&quot;slides_to_show_mobile&quot;:&quot;2&quot;,&quot;image_spacing_custom_mobile&quot;:{&quot;unit&quot;:&quot;px&quot;,&quot;size&quot;:30,&quot;sizes&quot;:[]},&quot;autoplay&quot;:&quot;yes&quot;,&quot;pause_on_hover&quot;:&quot;yes&quot;,&quot;pause_on_interaction&quot;:&quot;yes&quot;,&quot;autoplay_speed&quot;:5000,&quot;infinite&quot;:&quot;yes&quot;,&quot;speed&quot;:500,&quot;image_spacing_custom&quot;:{&quot;unit&quot;:&quot;px&quot;,&quot;size&quot;:20,&quot;sizes&quot;:[]},&quot;image_spacing_custom_laptop&quot;:{&quot;unit&quot;:&quot;px&quot;,&quot;size&quot;:&quot;&quot;,&quot;sizes&quot;:[]},&quot;image_spacing_custom_tablet&quot;:{&quot;unit&quot;:&quot;px&quot;,&quot;size&quot;:&quot;&quot;,&quot;sizes&quot;:[]}}\" data-widget_type=\"image-carousel.default\">\n\t\t\t\t<div class=\"elementor-widget-container\">\n\t\t\t\t\t\t\t<div class=\"elementor-image-carousel-wrapper swiper\" role=\"region\" aria-roledescription=\"carousel\" aria-label=\"Image carousel\" dir=\"ltr\">\n\t\t\t<div class=\"elementor-image-carousel swiper-wrapper\" aria-live=\"off\">\n\t\t\t\t\t\t\t\t<div class=\"swiper-slide\" role=\"group\" aria-roledescription=\"slide\" aria-label=\"1 out of 5\"><figure class=\"swiper-slide-inner\"><img decoding=\"async\" class=\"swiper-slide-image\" src=\"https:\/\/hotellesterrasses.maintenance.madare.dev\/wp-content\/uploads\/2023\/08\/phytomer.svg\" alt=\"phytomer.svg\" title=\"\"><\/figure><\/div><div class=\"swiper-slide\" role=\"group\" aria-roledescription=\"slide\" aria-label=\"2 out of 5\"><figure class=\"swiper-slide-inner\"><img decoding=\"async\" class=\"swiper-slide-image\" src=\"https:\/\/hotellesterrasses.maintenance.madare.dev\/wp-content\/uploads\/2023\/08\/organic.svg\" alt=\"organic.svg\" title=\"\"><\/figure><\/div><div class=\"swiper-slide\" role=\"group\" aria-roledescription=\"slide\" aria-label=\"3 out of 5\"><figure class=\"swiper-slide-inner\"><img decoding=\"async\" class=\"swiper-slide-image\" src=\"https:\/\/hotellesterrasses.maintenance.madare.dev\/wp-content\/uploads\/2023\/08\/new-wave.svg\" alt=\"new-wave.svg\" title=\"\"><\/figure><\/div><div class=\"swiper-slide\" role=\"group\" aria-roledescription=\"slide\" aria-label=\"4 out of 5\"><figure class=\"swiper-slide-inner\"><img decoding=\"async\" class=\"swiper-slide-image\" src=\"https:\/\/hotellesterrasses.maintenance.madare.dev\/wp-content\/uploads\/2023\/08\/white.svg\" alt=\"white.svg\" title=\"\"><\/figure><\/div><div class=\"swiper-slide\" role=\"group\" aria-roledescription=\"slide\" aria-label=\"5 out of 5\"><figure class=\"swiper-slide-inner\"><img decoding=\"async\" class=\"swiper-slide-image\" src=\"https:\/\/hotellesterrasses.maintenance.madare.dev\/wp-content\/uploads\/2023\/08\/iconic.svg\" alt=\"iconic.svg\" title=\"\"><\/figure><\/div>\t\t\t<\/div>\n\t\t\t\t\t\t\t\t\t\t\t\t<div class=\"elementor-swiper-button elementor-swiper-button-prev\" role=\"button\" tabindex=\"0\">\n\t\t\t\t\t\t<svg xmlns=\"http:\/\/www.w3.org\/2000\/svg\" width=\"1110\" height=\"1024\" viewbox=\"0 0 1110 1024\"><title><\/title><g id=\"icomoon-ignore\"><\/g><path d=\"M1110.138 509.865c0.002-0.17 0.004-0.371 0.004-0.572 0-12.596-5.349-23.942-13.9-31.891l-0.027-0.025-465.961-464.104c-8.433-8.433-20.083-13.649-32.951-13.649-25.737 0-46.6 20.864-46.6 46.6 0 12.868 5.216 24.518 13.649 32.951v0l387.063 385.207h-950.764c0 74.257-1.485 32.116 0 95.698l950.764-2.877-386.135 387.063c-8.479 8.412-13.728 20.069-13.728 32.951s5.249 24.54 13.725 32.948l0.003 0.003c8.28 8.444 19.748 13.736 32.452 13.923h0.035c12.77-0.019 24.29-5.353 32.471-13.906l0.016-0.017 465.033-465.033c8.838-9.168 14.419-21.529 14.849-35.189l0.002-0.083z\"><\/path><\/svg>\t\t\t\t\t<\/div>\n\t\t\t\t\t<div class=\"elementor-swiper-button elementor-swiper-button-next\" role=\"button\" tabindex=\"0\">\n\t\t\t\t\t\t<svg xmlns=\"http:\/\/www.w3.org\/2000\/svg\" width=\"1110\" height=\"1024\" viewbox=\"0 0 1110 1024\"><title><\/title><g id=\"icomoon-ignore\"><\/g><path d=\"M1110.138 509.865c0.002-0.17 0.004-0.371 0.004-0.572 0-12.596-5.349-23.942-13.9-31.891l-0.027-0.025-465.961-464.104c-8.433-8.433-20.083-13.649-32.951-13.649-25.737 0-46.6 20.864-46.6 46.6 0 12.868 5.216 24.518 13.649 32.951v0l387.063 385.207h-950.764c0 74.257-1.485 32.116 0 95.698l950.764-2.877-386.135 387.063c-8.479 8.412-13.728 20.069-13.728 32.951s5.249 24.54 13.725 32.948l0.003 0.003c8.28 8.444 19.748 13.736 32.452 13.923h0.035c12.77-0.019 24.29-5.353 32.471-13.906l0.016-0.017 465.033-465.033c8.838-9.168 14.419-21.529 14.849-35.189l0.002-0.083z\"><\/path><\/svg>\t\t\t\t\t<\/div>\n\t\t\t\t\n\t\t\t\t\t\t\t\t\t<\/div>\n\t\t\t\t\t\t<\/div>\n\t\t\t\t<\/div>\n\t\t\t\t\t<\/div>\n\t\t\t\t<\/div>\n\t\t<div class=\"elementor-element elementor-element-a0a5f6f e-con-full e-flex e-con e-parent\" data-id=\"a0a5f6f\" data-element_type=\"container\">\n\t\t<div class=\"elementor-element elementor-element-ad0438a e-con-full e-flex e-con e-child\" data-id=\"ad0438a\" data-element_type=\"container\">\n\t\t\t\t<div class=\"elementor-element elementor-element-86a93f0 elementor-widget elementor-widget-heading\" data-id=\"86a93f0\" data-element_type=\"widget\" data-widget_type=\"heading.default\">\n\t\t\t\t<div class=\"elementor-widget-container\">\n\t\t\t\t\t<h2 class=\"elementor-heading-title elementor-size-default\">Find out more <\/h2>\t\t\t\t<\/div>\n\t\t\t\t<\/div>\n\t\t\t\t<div class=\"elementor-element elementor-element-8e8ac40 elementor-view-default elementor-widget elementor-widget-icon\" data-id=\"8e8ac40\" data-element_type=\"widget\" data-widget_type=\"icon.default\">\n\t\t\t\t<div class=\"elementor-widget-container\">\n\t\t\t\t\t\t\t<div class=\"elementor-icon-wrapper\">\n\t\t\t<div class=\"elementor-icon\">\n\t\t\t<svg xmlns=\"http:\/\/www.w3.org\/2000\/svg\" width=\"4721\" height=\"1024\" viewbox=\"0 0 4721 1024\"><title><\/title><g id=\"icomoon-ignore\"><\/g><path d=\"M4719.542 686.137c-14.578-16.391-29.63-30.797-45.731-43.933l-0.218-0.176c-122.573-60.482-570.066-175.569-966.051-221.99-367.583-47.829-787.155-60.53-1213.579-30.621-77.228 5.417-154.039 12.186-230.41 20.283l11.070-1.091c-681.528 68.27-1275.654 115.060-1579.65 85.212-377.404-36.852-611.317-125.343-675.959-162.385l-7.504 2.445c141.201 115.371 309.437 199.358 492.55 241.439l8.695 1.64c377.96 99.496 793.208 119.621 1398.815 54.117 647.481-70.36 1808.145-238.118 2823.135 70.626z\"><\/path><\/svg>\t\t\t<\/div>\n\t\t<\/div>\n\t\t\t\t\t\t<\/div>\n\t\t\t\t<\/div>\n\t\t\t\t<\/div>\n\t\t<div class=\"elementor-element elementor-element-8e1fbef e-con-full e-flex e-con e-child\" data-id=\"8e1fbef\" data-element_type=\"container\">\n\t\t\t\t<div class=\"elementor-element elementor-element-031ad4b elementor-cta--skin-cover elementor-widget__width-auto cta-fond-anim btn-cta-wave elementor-widget elementor-widget-call-to-action\" data-id=\"031ad4b\" data-element_type=\"widget\" data-widget_type=\"call-to-action.default\">\n\t\t\t\t<div class=\"elementor-widget-container\">\n\t\t\t\t\t\t\t<div class=\"elementor-cta\">\n\t\t\t\t\t<div class=\"elementor-cta__bg-wrapper\">\n\t\t\t\t<div class=\"elementor-cta__bg elementor-bg\" style=\"background-image: url(https:\/\/hotellesterrasses.maintenance.madare.dev\/wp-content\/uploads\/2023\/10\/atlanthal-eliophot-arsandaux-792-1024x683.jpg);\" role=\"img\" aria-label=\"atlanthal-eliophot-arsandaux-792\"><\/div>\n\t\t\t\t<div class=\"elementor-cta__bg-overlay\"><\/div>\n\t\t\t<\/div>\n\t\t\t\t\t\t\t<div class=\"elementor-cta__content\">\n\t\t\t\t\n\t\t\t\t\t\t\t\t\t<h2 class=\"elementor-cta__title elementor-cta__content-item elementor-content-item\">\n\t\t\t\t\t\tLagoon &amp; Fitness\t\t\t\t\t<\/h2>\n\t\t\t\t\n\t\t\t\t\t\t\t\t\t<div class=\"elementor-cta__description elementor-cta__content-item elementor-content-item\">\n\t\t\t\t\t\tA gentle escape\t\t\t\t\t<\/div>\n\t\t\t\t\n\t\t\t\t\t\t\t\t\t<div class=\"elementor-cta__button-wrapper elementor-cta__content-item elementor-content-item\">\n\t\t\t\t\t<a class=\"elementor-cta__button elementor-button elementor-size-\" href=\"https:\/\/hotellesterrasses.maintenance.madare.dev\/en\/lagon-fitness-anglet\/\">\n\t\t\t\t\t\tFind out more\t\t\t\t\t<\/a>\n\t\t\t\t\t<\/div>\n\t\t\t\t\t\t\t<\/div>\n\t\t\t\t\t\t<\/div>\n\t\t\t\t\t\t<\/div>\n\t\t\t\t<\/div>\n\t\t\t\t<\/div>\n\t\t<div class=\"elementor-element elementor-element-0434738 e-con-full e-flex e-con e-child\" data-id=\"0434738\" data-element_type=\"container\">\n\t\t\t\t<div class=\"elementor-element elementor-element-ae394b5 elementor-cta--skin-cover elementor-widget__width-auto cta-fond-anim   btn-cta-wave elementor-widget elementor-widget-call-to-action\" data-id=\"ae394b5\" data-element_type=\"widget\" data-widget_type=\"call-to-action.default\">\n\t\t\t\t<div class=\"elementor-widget-container\">\n\t\t\t\t\t\t\t<div class=\"elementor-cta\">\n\t\t\t\t\t<div class=\"elementor-cta__bg-wrapper\">\n\t\t\t\t<div class=\"elementor-cta__bg elementor-bg\" style=\"background-image: url(https:\/\/hotellesterrasses.maintenance.madare.dev\/wp-content\/uploads\/2023\/10\/les-terrasses-photo-13-1024x540.jpg);\" role=\"img\" aria-label=\"les terrasses photo (13)\"><\/div>\n\t\t\t\t<div class=\"elementor-cta__bg-overlay\"><\/div>\n\t\t\t<\/div>\n\t\t\t\t\t\t\t<div class=\"elementor-cta__content\">\n\t\t\t\t\n\t\t\t\t\t\t\t\t\t<h2 class=\"elementor-cta__title elementor-cta__content-item elementor-content-item\">\n\t\t\t\t\t\tPhoto gallery \t\t\t\t\t<\/h2>\n\t\t\t\t\n\t\t\t\t\t\t\t\t\t<div class=\"elementor-cta__description elementor-cta__content-item elementor-content-item\">\n\t\t\t\t\t\tLes Terrasses\t\t\t\t\t<\/div>\n\t\t\t\t\n\t\t\t\t\t\t\t\t\t<div class=\"elementor-cta__button-wrapper elementor-cta__content-item elementor-content-item\">\n\t\t\t\t\t<a class=\"elementor-cta__button elementor-button elementor-size-\" href=\"https:\/\/hotellesterrasses.maintenance.madare.dev\/en\/photo-gallery-les-terrasses-anglet\/\">\n\t\t\t\t\t\tFind out more\t\t\t\t\t<\/a>\n\t\t\t\t\t<\/div>\n\t\t\t\t\t\t\t<\/div>\n\t\t\t\t\t\t<\/div>\n\t\t\t\t\t\t<\/div>\n\t\t\t\t<\/div>\n\t\t\t\t<\/div>\n\t\t<div class=\"elementor-element elementor-element-69c4f4c e-con-full e-flex e-con e-child\" data-id=\"69c4f4c\" data-element_type=\"container\">\n\t\t\t\t<div class=\"elementor-element elementor-element-f00ccba elementor-cta--skin-cover elementor-widget__width-auto cta-fond-anim  btn-cta-wave elementor-widget elementor-widget-call-to-action\" data-id=\"f00ccba\" data-element_type=\"widget\" data-widget_type=\"call-to-action.default\">\n\t\t\t\t<div class=\"elementor-widget-container\">\n\t\t\t\t\t\t\t<div class=\"elementor-cta\">\n\t\t\t\t\t<div class=\"elementor-cta__bg-wrapper\">\n\t\t\t\t<div class=\"elementor-cta__bg elementor-bg\" style=\"background-image: url(https:\/\/hotellesterrasses.maintenance.madare.dev\/wp-content\/uploads\/2023\/08\/les-terrasses-eliophot-arsandaux-75-1024x683.jpg);\" role=\"img\" aria-label=\"les-terrasses-eliophot-arsandaux-75\"><\/div>\n\t\t\t\t<div class=\"elementor-cta__bg-overlay\"><\/div>\n\t\t\t<\/div>\n\t\t\t\t\t\t\t<div class=\"elementor-cta__content\">\n\t\t\t\t\n\t\t\t\t\t\t\t\t\t<h2 class=\"elementor-cta__title elementor-cta__content-item elementor-content-item\">\n\t\t\t\t\t\tSpecial Offers\t\t\t\t\t<\/h2>\n\t\t\t\t\n\t\t\t\t\t\t\t\t\t<div class=\"elementor-cta__description elementor-cta__content-item elementor-content-item\">\n\t\t\t\t\t\tTake advantage of our special offers\t\t\t\t\t<\/div>\n\t\t\t\t\n\t\t\t\t\t\t\t\t\t<div class=\"elementor-cta__button-wrapper elementor-cta__content-item elementor-content-item\">\n\t\t\t\t\t<a class=\"elementor-cta__button elementor-button elementor-size-\" href=\"https:\/\/hotellesterrasses.maintenance.madare.dev\/en\/special-offers\/\">\n\t\t\t\t\t\tFind out more\t\t\t\t\t<\/a>\n\t\t\t\t\t<\/div>\n\t\t\t\t\t\t\t<\/div>\n\t\t\t\t\t\t<\/div>\n\t\t\t\t\t\t<\/div>\n\t\t\t\t<\/div>\n\t\t\t\t<\/div>\n\t\t\t\t<\/div>\n\t\t\t\t<\/div>","protected":false},"excerpt":{"rendered":"<p>Nos Partenaires DES MARQUES DE CONFIANCE LES PARTENAIRES De L&rsquo;h\u00f4tel Les terrasses D\u00e9couvrez tous les partenaires de notre h\u00f4tel Les Terrasses. Toutes ces marques \u00e0 qui nous faisons confiance au quotidien pour vous fournir le meilleur lors de votre passage au sein de notre h\u00f4tel au Pays Basque. \u00a0 Nos partenaires D\u00e9couvrir aussi Lagon &amp; [&hellip;]<\/p>","protected":false},"author":21,"featured_media":0,"parent":0,"menu_order":0,"comment_status":"closed","ping_status":"closed","template":"","meta":{"inline_featured_image":false,"footnotes":""},"class_list":["post-174","page","type-page","status-publish","hentry"],"_links":{"self":[{"href":"https:\/\/hotellesterrasses.maintenance.madare.dev\/en\/wp-json\/wp\/v2\/pages\/174","targetHints":{"allow":["GET"]}}],"collection":[{"href":"https:\/\/hotellesterrasses.maintenance.madare.dev\/en\/wp-json\/wp\/v2\/pages"}],"about":[{"href":"https:\/\/hotellesterrasses.maintenance.madare.dev\/en\/wp-json\/wp\/v2\/types\/page"}],"author":[{"embeddable":true,"href":"https:\/\/hotellesterrasses.maintenance.madare.dev\/en\/wp-json\/wp\/v2\/users\/21"}],"replies":[{"embeddable":true,"href":"https:\/\/hotellesterrasses.maintenance.madare.dev\/en\/wp-json\/wp\/v2\/comments?post=174"}],"version-history":[{"count":49,"href":"https:\/\/hotellesterrasses.maintenance.madare.dev\/en\/wp-json\/wp\/v2\/pages\/174\/revisions"}],"predecessor-version":[{"id":4050,"href":"https:\/\/hotellesterrasses.maintenance.madare.dev\/en\/wp-json\/wp\/v2\/pages\/174\/revisions\/4050"}],"wp:attachment":[{"href":"https:\/\/hotellesterrasses.maintenance.madare.dev\/en\/wp-json\/wp\/v2\/media?parent=174"}],"curies":[{"name":"wp","href":"https:\/\/api.w.org\/{rel}","templated":true}]}}