{"id":234,"date":"2023-08-01T15:36:23","date_gmt":"2023-08-01T13:36:23","guid":{"rendered":"https:\/\/hotellesterrasses.maintenance.madare.dev\/offres-speciales\/"},"modified":"2025-11-26T17:34:24","modified_gmt":"2025-11-26T16:34:24","slug":"special-offers","status":"publish","type":"page","link":"https:\/\/hotellesterrasses.maintenance.madare.dev\/en\/special-offers\/","title":{"rendered":"Special offers"},"content":{"rendered":"<div data-elementor-type=\"wp-page\" data-elementor-id=\"234\" class=\"elementor elementor-234\" data-elementor-post-type=\"page\">\n\t\t\t\t<div class=\"elementor-element elementor-element-6ece3a0 e-con-full e-flex e-con e-parent\" data-id=\"6ece3a0\" data-element_type=\"container\" data-settings=\"{&quot;background_background&quot;:&quot;classic&quot;}\">\n\t\t<div class=\"elementor-element elementor-element-1dc6b189 e-flex e-con-boxed e-con e-child\" data-id=\"1dc6b189\" data-element_type=\"container\">\n\t\t\t\t\t<div class=\"e-con-inner\">\n\t\t\t\t<div class=\"elementor-element elementor-element-3446e43d elementor-widget elementor-widget-heading\" data-id=\"3446e43d\" data-element_type=\"widget\" data-widget_type=\"heading.default\">\n\t\t\t\t<div class=\"elementor-widget-container\">\n\t\t\t\t\t<h1 class=\"elementor-heading-title elementor-size-default\">Special Offers<\/h1>\t\t\t\t<\/div>\n\t\t\t\t<\/div>\n\t\t\t\t<div class=\"elementor-element elementor-element-3ab86dd3 elementor-view-default elementor-widget elementor-widget-icon\" data-id=\"3ab86dd3\" data-element_type=\"widget\" data-widget_type=\"icon.default\">\n\t\t\t\t<div class=\"elementor-widget-container\">\n\t\t\t\t\t\t\t<div class=\"elementor-icon-wrapper\">\n\t\t\t<div class=\"elementor-icon\">\n\t\t\t<svg xmlns=\"http:\/\/www.w3.org\/2000\/svg\" width=\"4721\" height=\"1024\" viewbox=\"0 0 4721 1024\"><title><\/title><g id=\"icomoon-ignore\"><\/g><path d=\"M4719.542 686.137c-14.578-16.391-29.63-30.797-45.731-43.933l-0.218-0.176c-122.573-60.482-570.066-175.569-966.051-221.99-367.583-47.829-787.155-60.53-1213.579-30.621-77.228 5.417-154.039 12.186-230.41 20.283l11.070-1.091c-681.528 68.27-1275.654 115.060-1579.65 85.212-377.404-36.852-611.317-125.343-675.959-162.385l-7.504 2.445c141.201 115.371 309.437 199.358 492.55 241.439l8.695 1.64c377.96 99.496 793.208 119.621 1398.815 54.117 647.481-70.36 1808.145-238.118 2823.135 70.626z\"><\/path><\/svg>\t\t\t<\/div>\n\t\t<\/div>\n\t\t\t\t\t\t<\/div>\n\t\t\t\t<\/div>\n\t\t\t\t\t<\/div>\n\t\t\t\t<\/div>\n\t\t\t\t<\/div>\n\t\t<div class=\"elementor-element elementor-element-7d21b7d6 e-flex e-con-boxed e-con e-parent\" data-id=\"7d21b7d6\" data-element_type=\"container\">\n\t\t\t\t\t<div class=\"e-con-inner\">\n\t\t\t\t<div class=\"elementor-element elementor-element-730a45b0 elementor-widget elementor-widget-heading\" data-id=\"730a45b0\" data-element_type=\"widget\" data-widget_type=\"heading.default\">\n\t\t\t\t<div class=\"elementor-widget-container\">\n\t\t\t\t\t<h2 class=\"elementor-heading-title elementor-size-default\">Special offers<\/h2>\t\t\t\t<\/div>\n\t\t\t\t<\/div>\n\t\t\t\t<div class=\"elementor-element elementor-element-7aa8ffb5 elementor-view-default elementor-widget elementor-widget-icon\" data-id=\"7aa8ffb5\" data-element_type=\"widget\" data-widget_type=\"icon.default\">\n\t\t\t\t<div class=\"elementor-widget-container\">\n\t\t\t\t\t\t\t<div class=\"elementor-icon-wrapper\">\n\t\t\t<div class=\"elementor-icon\">\n\t\t\t<svg xmlns=\"http:\/\/www.w3.org\/2000\/svg\" width=\"4721\" height=\"1024\" viewbox=\"0 0 4721 1024\"><title><\/title><g id=\"icomoon-ignore\"><\/g><path d=\"M4719.542 686.137c-14.578-16.391-29.63-30.797-45.731-43.933l-0.218-0.176c-122.573-60.482-570.066-175.569-966.051-221.99-367.583-47.829-787.155-60.53-1213.579-30.621-77.228 5.417-154.039 12.186-230.41 20.283l11.070-1.091c-681.528 68.27-1275.654 115.060-1579.65 85.212-377.404-36.852-611.317-125.343-675.959-162.385l-7.504 2.445c141.201 115.371 309.437 199.358 492.55 241.439l8.695 1.64c377.96 99.496 793.208 119.621 1398.815 54.117 647.481-70.36 1808.145-238.118 2823.135 70.626z\"><\/path><\/svg>\t\t\t<\/div>\n\t\t<\/div>\n\t\t\t\t\t\t<\/div>\n\t\t\t\t<\/div>\n\t\t\t\t\t<\/div>\n\t\t\t\t<\/div>\n\t\t<div class=\"elementor-element elementor-element-3b345909 e-grid e-con-boxed e-con e-parent\" data-id=\"3b345909\" data-element_type=\"container\">\n\t\t\t\t\t<div class=\"e-con-inner\">\n\t\t<div class=\"elementor-element elementor-element-a21f7cb e-con-full e-flex e-con e-child\" data-id=\"a21f7cb\" data-element_type=\"container\">\n\t\t\t\t<div class=\"elementor-element elementor-element-1f5b7831 elementor-widget elementor-widget-image\" data-id=\"1f5b7831\" data-element_type=\"widget\" data-widget_type=\"image.default\">\n\t\t\t\t<div class=\"elementor-widget-container\">\n\t\t\t\t\t\t\t\t\t\t\t\t\t\t\t<img fetchpriority=\"high\" decoding=\"async\" width=\"800\" height=\"534\" src=\"https:\/\/hotellesterrasses.maintenance.madare.dev\/wp-content\/uploads\/2025\/11\/download-1024x683.jpg\" class=\"attachment-large size-large wp-image-4115\" alt=\"\" srcset=\"https:\/\/hotellesterrasses.maintenance.madare.dev\/wp-content\/uploads\/2025\/11\/download-1024x683.jpg 1024w, https:\/\/hotellesterrasses.maintenance.madare.dev\/wp-content\/uploads\/2025\/11\/download-300x200.jpg 300w, https:\/\/hotellesterrasses.maintenance.madare.dev\/wp-content\/uploads\/2025\/11\/download-768x512.jpg 768w, https:\/\/hotellesterrasses.maintenance.madare.dev\/wp-content\/uploads\/2025\/11\/download-1536x1024.jpg 1536w, https:\/\/hotellesterrasses.maintenance.madare.dev\/wp-content\/uploads\/2025\/11\/download-18x12.jpg 18w, https:\/\/hotellesterrasses.maintenance.madare.dev\/wp-content\/uploads\/2025\/11\/download.jpg 2048w\" sizes=\"(max-width: 800px) 100vw, 800px\" title=\"\">\t\t\t\t\t\t\t\t\t\t\t\t\t\t\t<\/div>\n\t\t\t\t<\/div>\n\t\t<div class=\"elementor-element elementor-element-42fb8fbc e-con-full e-flex e-con e-child\" data-id=\"42fb8fbc\" data-element_type=\"container\">\n\t\t\t\t<div class=\"elementor-element elementor-element-54c7e65b elementor-widget elementor-widget-heading\" data-id=\"54c7e65b\" data-element_type=\"widget\" data-widget_type=\"heading.default\">\n\t\t\t\t<div class=\"elementor-widget-container\">\n\t\t\t\t\t<h3 class=\"elementor-heading-title elementor-size-default\">Children's offer<\/h3>\t\t\t\t<\/div>\n\t\t\t\t<\/div>\n\t\t\t\t<div class=\"elementor-element elementor-element-492e5846 elementor-widget elementor-widget-text-editor\" data-id=\"492e5846\" data-element_type=\"widget\" data-widget_type=\"text-editor.default\">\n\t\t\t\t<div class=\"elementor-widget-container\">\n\t\t\t\t\t\t\t\t\t<div class=\"eliophot-offer__body\"><div class=\"eliophot-offer__summary\"><p>Free accommodation and breakfast for children up to 4 years old.<\/p><\/div><\/div>\t\t\t\t\t\t\t\t<\/div>\n\t\t\t\t<\/div>\n\t\t\t\t<\/div>\n\t\t<div class=\"elementor-element elementor-element-57ec91fb e-con-full e-flex e-con e-child\" data-id=\"57ec91fb\" data-element_type=\"container\">\n\t\t\t\t<div class=\"elementor-element elementor-element-31b7506e elementor-align-center elementor-widget elementor-widget-button\" data-id=\"31b7506e\" data-element_type=\"widget\" data-widget_type=\"button.default\">\n\t\t\t\t<div class=\"elementor-widget-container\">\n\t\t\t\t\t\t\t\t\t<div class=\"elementor-button-wrapper\">\n\t\t\t\t\t<a class=\"elementor-button elementor-button-link elementor-size-sm\" href=\"\/en\/special-offers\/childrens-offer\/\">\n\t\t\t\t\t\t<span class=\"elementor-button-content-wrapper\">\n\t\t\t\t\t\t\t\t\t<span class=\"elementor-button-text\">Discover<\/span>\n\t\t\t\t\t<\/span>\n\t\t\t\t\t<\/a>\n\t\t\t\t<\/div>\n\t\t\t\t\t\t\t\t<\/div>\n\t\t\t\t<\/div>\n\t\t\t\t<\/div>\n\t\t\t\t<\/div>\n\t\t<div class=\"elementor-element elementor-element-22c6b00a e-con-full e-flex e-con e-child\" data-id=\"22c6b00a\" data-element_type=\"container\">\n\t\t\t\t<div class=\"elementor-element elementor-element-4b0dbb1f elementor-widget elementor-widget-image\" data-id=\"4b0dbb1f\" data-element_type=\"widget\" data-widget_type=\"image.default\">\n\t\t\t\t<div class=\"elementor-widget-container\">\n\t\t\t\t\t\t\t\t\t\t\t\t\t\t\t<img decoding=\"async\" width=\"683\" height=\"1024\" src=\"https:\/\/hotellesterrasses.maintenance.madare.dev\/wp-content\/uploads\/2025\/11\/download-1-683x1024.jpg\" class=\"attachment-large size-large wp-image-4116\" alt=\"\" srcset=\"https:\/\/hotellesterrasses.maintenance.madare.dev\/wp-content\/uploads\/2025\/11\/download-1-683x1024.jpg 683w, https:\/\/hotellesterrasses.maintenance.madare.dev\/wp-content\/uploads\/2025\/11\/download-1-200x300.jpg 200w, https:\/\/hotellesterrasses.maintenance.madare.dev\/wp-content\/uploads\/2025\/11\/download-1-768x1152.jpg 768w, https:\/\/hotellesterrasses.maintenance.madare.dev\/wp-content\/uploads\/2025\/11\/download-1-1024x1536.jpg 1024w, https:\/\/hotellesterrasses.maintenance.madare.dev\/wp-content\/uploads\/2025\/11\/download-1-1366x2048.jpg 1366w, https:\/\/hotellesterrasses.maintenance.madare.dev\/wp-content\/uploads\/2025\/11\/download-1-8x12.jpg 8w, https:\/\/hotellesterrasses.maintenance.madare.dev\/wp-content\/uploads\/2025\/11\/download-1.jpg 1707w\" sizes=\"(max-width: 683px) 100vw, 683px\" title=\"\">\t\t\t\t\t\t\t\t\t\t\t\t\t\t\t<\/div>\n\t\t\t\t<\/div>\n\t\t<div class=\"elementor-element elementor-element-76fa69b4 e-con-full e-flex e-con e-child\" data-id=\"76fa69b4\" data-element_type=\"container\">\n\t\t\t\t<div class=\"elementor-element elementor-element-33416114 elementor-widget elementor-widget-heading\" data-id=\"33416114\" data-element_type=\"widget\" data-widget_type=\"heading.default\">\n\t\t\t\t<div class=\"elementor-widget-container\">\n\t\t\t\t\t<h3 class=\"elementor-heading-title elementor-size-default\">Early Booking<\/h3>\t\t\t\t<\/div>\n\t\t\t\t<\/div>\n\t\t\t\t<div class=\"elementor-element elementor-element-38172bab elementor-widget elementor-widget-text-editor\" data-id=\"38172bab\" data-element_type=\"widget\" data-widget_type=\"text-editor.default\">\n\t\t\t\t<div class=\"elementor-widget-container\">\n\t\t\t\t\t\t\t\t\t<div class=\"eliophot-offer__body\"><div class=\"eliophot-offer__summary\"><div class=\"eliophot-offer__body\"><div class=\"eliophot-offer__summary\"><p>25% discount for bookings made 90 days before your arrival.<\/p><\/div><\/div><\/div><\/div>\t\t\t\t\t\t\t\t<\/div>\n\t\t\t\t<\/div>\n\t\t\t\t<\/div>\n\t\t<div class=\"elementor-element elementor-element-37945bdb e-con-full e-flex e-con e-child\" data-id=\"37945bdb\" data-element_type=\"container\">\n\t\t\t\t<div class=\"elementor-element elementor-element-1286db6a elementor-align-center elementor-widget elementor-widget-button\" data-id=\"1286db6a\" data-element_type=\"widget\" data-widget_type=\"button.default\">\n\t\t\t\t<div class=\"elementor-widget-container\">\n\t\t\t\t\t\t\t\t\t<div class=\"elementor-button-wrapper\">\n\t\t\t\t\t<a class=\"elementor-button elementor-button-link elementor-size-sm\" href=\"\/en\/special-offers\/early-booking\/\">\n\t\t\t\t\t\t<span class=\"elementor-button-content-wrapper\">\n\t\t\t\t\t\t\t\t\t<span class=\"elementor-button-text\">Discover<\/span>\n\t\t\t\t\t<\/span>\n\t\t\t\t\t<\/a>\n\t\t\t\t<\/div>\n\t\t\t\t\t\t\t\t<\/div>\n\t\t\t\t<\/div>\n\t\t\t\t<\/div>\n\t\t\t\t<\/div>\n\t\t<div class=\"elementor-element elementor-element-3bad9ac3 e-con-full e-flex e-con e-child\" data-id=\"3bad9ac3\" data-element_type=\"container\">\n\t\t\t\t<div class=\"elementor-element elementor-element-36dccda0 elementor-widget elementor-widget-image\" data-id=\"36dccda0\" data-element_type=\"widget\" data-widget_type=\"image.default\">\n\t\t\t\t<div class=\"elementor-widget-container\">\n\t\t\t\t\t\t\t\t\t\t\t\t\t\t\t<img decoding=\"async\" width=\"800\" height=\"534\" src=\"https:\/\/hotellesterrasses.maintenance.madare.dev\/wp-content\/uploads\/2025\/11\/JUNIOR-DSC_9919\u00a9-JPEG-STUDIOS-WEB-72-DPI-1024x683.jpg\" class=\"attachment-large size-large wp-image-4117\" alt=\"\" srcset=\"https:\/\/hotellesterrasses.maintenance.madare.dev\/wp-content\/uploads\/2025\/11\/JUNIOR-DSC_9919\u00a9-JPEG-STUDIOS-WEB-72-DPI-1024x683.jpg 1024w, https:\/\/hotellesterrasses.maintenance.madare.dev\/wp-content\/uploads\/2025\/11\/JUNIOR-DSC_9919\u00a9-JPEG-STUDIOS-WEB-72-DPI-300x200.jpg 300w, https:\/\/hotellesterrasses.maintenance.madare.dev\/wp-content\/uploads\/2025\/11\/JUNIOR-DSC_9919\u00a9-JPEG-STUDIOS-WEB-72-DPI-768x512.jpg 768w, https:\/\/hotellesterrasses.maintenance.madare.dev\/wp-content\/uploads\/2025\/11\/JUNIOR-DSC_9919\u00a9-JPEG-STUDIOS-WEB-72-DPI-1536x1024.jpg 1536w, https:\/\/hotellesterrasses.maintenance.madare.dev\/wp-content\/uploads\/2025\/11\/JUNIOR-DSC_9919\u00a9-JPEG-STUDIOS-WEB-72-DPI-18x12.jpg 18w, https:\/\/hotellesterrasses.maintenance.madare.dev\/wp-content\/uploads\/2025\/11\/JUNIOR-DSC_9919\u00a9-JPEG-STUDIOS-WEB-72-DPI.jpg 2048w\" sizes=\"(max-width: 800px) 100vw, 800px\" title=\"\">\t\t\t\t\t\t\t\t\t\t\t\t\t\t\t<\/div>\n\t\t\t\t<\/div>\n\t\t<div class=\"elementor-element elementor-element-37e8009b e-con-full e-flex e-con e-child\" data-id=\"37e8009b\" data-element_type=\"container\">\n\t\t\t\t<div class=\"elementor-element elementor-element-300828ad elementor-widget elementor-widget-heading\" data-id=\"300828ad\" data-element_type=\"widget\" data-widget_type=\"heading.default\">\n\t\t\t\t<div class=\"elementor-widget-container\">\n\t\t\t\t\t<h3 class=\"elementor-heading-title elementor-size-default\">7th night free<\/h3>\t\t\t\t<\/div>\n\t\t\t\t<\/div>\n\t\t\t\t<div class=\"elementor-element elementor-element-27bf8d72 elementor-widget elementor-widget-text-editor\" data-id=\"27bf8d72\" data-element_type=\"widget\" data-widget_type=\"text-editor.default\">\n\t\t\t\t<div class=\"elementor-widget-container\">\n\t\t\t\t\t\t\t\t\t<div class=\"eliophot-offer__body\"><div class=\"eliophot-offer__summary\"><div class=\"eliophot-offer__body\"><div class=\"eliophot-offer__summary\"><p>If you arrive on a Monday, your 7th night is free.<\/p><\/div><\/div><\/div><\/div>\t\t\t\t\t\t\t\t<\/div>\n\t\t\t\t<\/div>\n\t\t\t\t<\/div>\n\t\t<div class=\"elementor-element elementor-element-1fdfe1c7 e-con-full e-flex e-con e-child\" data-id=\"1fdfe1c7\" data-element_type=\"container\">\n\t\t\t\t<div class=\"elementor-element elementor-element-75af67a3 elementor-align-center elementor-widget elementor-widget-button\" data-id=\"75af67a3\" data-element_type=\"widget\" data-widget_type=\"button.default\">\n\t\t\t\t<div class=\"elementor-widget-container\">\n\t\t\t\t\t\t\t\t\t<div class=\"elementor-button-wrapper\">\n\t\t\t\t\t<a class=\"elementor-button elementor-button-link elementor-size-sm\" href=\"\/en\/special-offers\/7eme-nuit-offerte\/\">\n\t\t\t\t\t\t<span class=\"elementor-button-content-wrapper\">\n\t\t\t\t\t\t\t\t\t<span class=\"elementor-button-text\">Discover<\/span>\n\t\t\t\t\t<\/span>\n\t\t\t\t\t<\/a>\n\t\t\t\t<\/div>\n\t\t\t\t\t\t\t\t<\/div>\n\t\t\t\t<\/div>\n\t\t\t\t<\/div>\n\t\t\t\t<\/div>\n\t\t\t\t\t<\/div>\n\t\t\t\t<\/div>\n\t\t\t\t<\/div>","protected":false},"excerpt":{"rendered":"<p>Offres Sp\u00e9ciales Offres sp\u00e9ciales Offre Enfant H\u00e9bergement et petit-d\u00e9jeuner offert pour les enfants jusqu&rsquo;\u00e0 4 ans. D\u00e9couvrir Early Booking 25% de remise pour toute r\u00e9servation 90 jours avant votre venue. D\u00e9couvrir 7\u00e8me nuit offerte Pour toute arriv\u00e9e le lundi, votre 7\u00e8me nuit est offerte. D\u00e9couvrir<\/p>","protected":false},"author":21,"featured_media":0,"parent":0,"menu_order":0,"comment_status":"closed","ping_status":"closed","template":"","meta":{"inline_featured_image":false,"footnotes":""},"class_list":["post-234","page","type-page","status-publish","hentry"],"_links":{"self":[{"href":"https:\/\/hotellesterrasses.maintenance.madare.dev\/en\/wp-json\/wp\/v2\/pages\/234","targetHints":{"allow":["GET"]}}],"collection":[{"href":"https:\/\/hotellesterrasses.maintenance.madare.dev\/en\/wp-json\/wp\/v2\/pages"}],"about":[{"href":"https:\/\/hotellesterrasses.maintenance.madare.dev\/en\/wp-json\/wp\/v2\/types\/page"}],"author":[{"embeddable":true,"href":"https:\/\/hotellesterrasses.maintenance.madare.dev\/en\/wp-json\/wp\/v2\/users\/21"}],"replies":[{"embeddable":true,"href":"https:\/\/hotellesterrasses.maintenance.madare.dev\/en\/wp-json\/wp\/v2\/comments?post=234"}],"version-history":[{"count":40,"href":"https:\/\/hotellesterrasses.maintenance.madare.dev\/en\/wp-json\/wp\/v2\/pages\/234\/revisions"}],"predecessor-version":[{"id":4132,"href":"https:\/\/hotellesterrasses.maintenance.madare.dev\/en\/wp-json\/wp\/v2\/pages\/234\/revisions\/4132"}],"wp:attachment":[{"href":"https:\/\/hotellesterrasses.maintenance.madare.dev\/en\/wp-json\/wp\/v2\/media?parent=234"}],"curies":[{"name":"wp","href":"https:\/\/api.w.org\/{rel}","templated":true}]}}