{"id":365,"date":"2023-08-02T10:52:20","date_gmt":"2023-08-02T08:52:20","guid":{"rendered":"https:\/\/hotellesterrasses.maintenance.madare.dev\/tourisme-activites\/"},"modified":"2026-03-25T14:06:25","modified_gmt":"2026-03-25T13:06:25","slug":"tourism-activities-what-to-do-in-anglet","status":"publish","type":"page","link":"https:\/\/hotellesterrasses.maintenance.madare.dev\/en\/tourism-activities-what-to-do-in-anglet\/","title":{"rendered":"Tourism &amp; activities"},"content":{"rendered":"<div data-elementor-type=\"wp-page\" data-elementor-id=\"365\" class=\"elementor elementor-365\" data-elementor-post-type=\"page\">\n\t\t\t\t<div class=\"elementor-element elementor-element-eb6c0aa e-con-full e-flex e-con e-parent\" data-id=\"eb6c0aa\" data-element_type=\"container\" data-settings=\"{&quot;background_background&quot;:&quot;classic&quot;}\">\n\t\t<div class=\"elementor-element elementor-element-0c9d5c6 e-flex e-con-boxed e-con e-child\" data-id=\"0c9d5c6\" data-element_type=\"container\">\n\t\t\t\t\t<div class=\"e-con-inner\">\n\t\t\t\t<div class=\"elementor-element elementor-element-07bbf3c elementor-widget elementor-widget-heading\" data-id=\"07bbf3c\" data-element_type=\"widget\" data-widget_type=\"heading.default\">\n\t\t\t\t<div class=\"elementor-widget-container\">\n\t\t\t\t\t<div class=\"elementor-heading-title elementor-size-default\">Tourism &amp; Activities<\/div>\t\t\t\t<\/div>\n\t\t\t\t<\/div>\n\t\t\t\t<div class=\"elementor-element elementor-element-c9528b8 elementor-view-default elementor-widget elementor-widget-icon\" data-id=\"c9528b8\" data-element_type=\"widget\" data-widget_type=\"icon.default\">\n\t\t\t\t<div class=\"elementor-widget-container\">\n\t\t\t\t\t\t\t<div class=\"elementor-icon-wrapper\">\n\t\t\t<div class=\"elementor-icon\">\n\t\t\t<svg xmlns=\"http:\/\/www.w3.org\/2000\/svg\" width=\"4721\" height=\"1024\" viewbox=\"0 0 4721 1024\"><title><\/title><g id=\"icomoon-ignore\"><\/g><path d=\"M4719.542 686.137c-14.578-16.391-29.63-30.797-45.731-43.933l-0.218-0.176c-122.573-60.482-570.066-175.569-966.051-221.99-367.583-47.829-787.155-60.53-1213.579-30.621-77.228 5.417-154.039 12.186-230.41 20.283l11.070-1.091c-681.528 68.27-1275.654 115.060-1579.65 85.212-377.404-36.852-611.317-125.343-675.959-162.385l-7.504 2.445c141.201 115.371 309.437 199.358 492.55 241.439l8.695 1.64c377.96 99.496 793.208 119.621 1398.815 54.117 647.481-70.36 1808.145-238.118 2823.135 70.626z\"><\/path><\/svg>\t\t\t<\/div>\n\t\t<\/div>\n\t\t\t\t\t\t<\/div>\n\t\t\t\t<\/div>\n\t\t\t\t\t<\/div>\n\t\t\t\t<\/div>\n\t\t\t\t<\/div>\n\t\t<div class=\"elementor-element elementor-element-664a2ca e-flex e-con-boxed e-con e-parent\" data-id=\"664a2ca\" data-element_type=\"container\">\n\t\t\t\t\t<div class=\"e-con-inner\">\n\t\t<div class=\"elementor-element elementor-element-bbbc236 e-con-full e-flex e-con e-child\" data-id=\"bbbc236\" data-element_type=\"container\">\n\t\t<div class=\"elementor-element elementor-element-98093f3 e-flex e-con-boxed e-con e-child\" data-id=\"98093f3\" data-element_type=\"container\" data-settings=\"{&quot;background_background&quot;:&quot;classic&quot;}\">\n\t\t\t\t\t<div class=\"e-con-inner\">\n\t\t\t\t<div class=\"elementor-element elementor-element-dad069f elementor-widget elementor-widget-image\" data-id=\"dad069f\" data-element_type=\"widget\" data-widget_type=\"image.default\">\n\t\t\t\t<div class=\"elementor-widget-container\">\n\t\t\t\t\t\t\t\t\t\t\t\t\t\t\t<img fetchpriority=\"high\" decoding=\"async\" width=\"1448\" height=\"724\" src=\"https:\/\/hotellesterrasses.maintenance.madare.dev\/wp-content\/uploads\/2023\/10\/iStock-1484500060.jpg\" class=\"attachment-full size-full wp-image-3436\" alt=\"\" srcset=\"https:\/\/hotellesterrasses.maintenance.madare.dev\/wp-content\/uploads\/2023\/10\/iStock-1484500060.jpg 1448w, https:\/\/hotellesterrasses.maintenance.madare.dev\/wp-content\/uploads\/2023\/10\/iStock-1484500060-300x150.jpg 300w, https:\/\/hotellesterrasses.maintenance.madare.dev\/wp-content\/uploads\/2023\/10\/iStock-1484500060-1024x512.jpg 1024w, https:\/\/hotellesterrasses.maintenance.madare.dev\/wp-content\/uploads\/2023\/10\/iStock-1484500060-768x384.jpg 768w, https:\/\/hotellesterrasses.maintenance.madare.dev\/wp-content\/uploads\/2023\/10\/iStock-1484500060-18x9.jpg 18w\" sizes=\"(max-width: 1448px) 100vw, 1448px\" title=\"\">\t\t\t\t\t\t\t\t\t\t\t\t\t\t\t<\/div>\n\t\t\t\t<\/div>\n\t\t\t\t\t<\/div>\n\t\t\t\t<\/div>\n\t\t\t\t<\/div>\n\t\t<div class=\"elementor-element elementor-element-c72631e e-con-full e-flex e-con e-child\" data-id=\"c72631e\" data-element_type=\"container\">\n\t\t<div class=\"elementor-element elementor-element-38698b3 e-flex e-con-boxed e-con e-child\" data-id=\"38698b3\" data-element_type=\"container\">\n\t\t\t\t\t<div class=\"e-con-inner\">\n\t\t\t\t<div class=\"elementor-element elementor-element-77ef9b7 elementor-widget elementor-widget-heading\" data-id=\"77ef9b7\" data-element_type=\"widget\" data-widget_type=\"heading.default\">\n\t\t\t\t<div class=\"elementor-widget-container\">\n\t\t\t\t\t<h1 class=\"elementor-heading-title elementor-size-default\">What to do in Anglet<\/h1>\t\t\t\t<\/div>\n\t\t\t\t<\/div>\n\t\t\t\t<div class=\"elementor-element elementor-element-f5d6221 elementor-widget elementor-widget-heading\" data-id=\"f5d6221\" data-element_type=\"widget\" data-widget_type=\"heading.default\">\n\t\t\t\t<div class=\"elementor-widget-container\">\n\t\t\t\t\t<h2 class=\"elementor-heading-title elementor-size-default\">An unforgettable stopover<\/h2>\t\t\t\t<\/div>\n\t\t\t\t<\/div>\n\t\t\t\t<div class=\"elementor-element elementor-element-fae360f elementor-widget elementor-widget-text-editor\" data-id=\"fae360f\" data-element_type=\"widget\" data-widget_type=\"text-editor.default\">\n\t\t\t\t<div class=\"elementor-widget-container\">\n\t\t\t\t\t\t\t\t\t<p>A real favourite with surfers and lovers of spectacular beaches, the Basque Coast stretches from Bayonne to Hendaye, all the way to northern Spain. Anglet is one of the unmissable places to discover if you want to live the \"Basque Californian\" dream for an unforgettable stopover.<\/p>\t\t\t\t\t\t\t\t<\/div>\n\t\t\t\t<\/div>\n\t\t\t\t\t<\/div>\n\t\t\t\t<\/div>\n\t\t\t\t<\/div>\n\t\t\t\t\t<\/div>\n\t\t\t\t<\/div>\n\t\t<div class=\"elementor-element elementor-element-0bddde7 e-flex e-con-boxed e-con e-parent\" data-id=\"0bddde7\" data-element_type=\"container\">\n\t\t\t\t\t<div class=\"e-con-inner\">\n\t\t\t\t<div class=\"elementor-element elementor-element-3ee1eca elementor-widget__width-inherit elementor-widget elementor-widget-heading\" data-id=\"3ee1eca\" data-element_type=\"widget\" data-widget_type=\"heading.default\">\n\t\t\t\t<div class=\"elementor-widget-container\">\n\t\t\t\t\t<h2 class=\"elementor-heading-title elementor-size-default\">Things to see and do<\/h2>\t\t\t\t<\/div>\n\t\t\t\t<\/div>\n\t\t\t\t<div class=\"elementor-element elementor-element-f9b9e70 elementor-view-default elementor-widget elementor-widget-icon\" data-id=\"f9b9e70\" data-element_type=\"widget\" data-widget_type=\"icon.default\">\n\t\t\t\t<div class=\"elementor-widget-container\">\n\t\t\t\t\t\t\t<div class=\"elementor-icon-wrapper\">\n\t\t\t<div class=\"elementor-icon\">\n\t\t\t<svg xmlns=\"http:\/\/www.w3.org\/2000\/svg\" width=\"4721\" height=\"1024\" viewbox=\"0 0 4721 1024\"><title><\/title><g id=\"icomoon-ignore\"><\/g><path d=\"M4719.542 686.137c-14.578-16.391-29.63-30.797-45.731-43.933l-0.218-0.176c-122.573-60.482-570.066-175.569-966.051-221.99-367.583-47.829-787.155-60.53-1213.579-30.621-77.228 5.417-154.039 12.186-230.41 20.283l11.070-1.091c-681.528 68.27-1275.654 115.060-1579.65 85.212-377.404-36.852-611.317-125.343-675.959-162.385l-7.504 2.445c141.201 115.371 309.437 199.358 492.55 241.439l8.695 1.64c377.96 99.496 793.208 119.621 1398.815 54.117 647.481-70.36 1808.145-238.118 2823.135 70.626z\"><\/path><\/svg>\t\t\t<\/div>\n\t\t<\/div>\n\t\t\t\t\t\t<\/div>\n\t\t\t\t<\/div>\n\t\t<div class=\"elementor-element elementor-element-110b299 e-flex e-con-boxed e-con e-child\" data-id=\"110b299\" data-element_type=\"container\">\n\t\t\t\t\t<div class=\"e-con-inner\">\n\t\t\t\t<div class=\"elementor-element elementor-element-029b174 elementor-cta--skin-cover elementor-cta--valign-bottom elementor-widget__width-initial cta-texte-gauche btn-hidden btn-arrow elementor-bg-transform elementor-bg-transform-zoom-in elementor-widget elementor-widget-call-to-action\" data-id=\"029b174\" data-element_type=\"widget\" data-widget_type=\"call-to-action.default\">\n\t\t\t\t<div class=\"elementor-widget-container\">\n\t\t\t\t\t\t\t<div class=\"elementor-cta\">\n\t\t\t\t\t<div class=\"elementor-cta__bg-wrapper\">\n\t\t\t\t<div class=\"elementor-cta__bg elementor-bg\" style=\"background-image: url(https:\/\/hotellesterrasses.maintenance.madare.dev\/wp-content\/uploads\/2023\/08\/iStock-503107600-1024x683.jpg);\" role=\"img\" aria-label=\"Surfer silhouette at Chambre d&#039;Amour beach with Biarritz lighthouse behind.\"><\/div>\n\t\t\t\t<div class=\"elementor-cta__bg-overlay\"><\/div>\n\t\t\t<\/div>\n\t\t\t\t\t\t\t<div class=\"elementor-cta__content\">\n\t\t\t\t\n\t\t\t\t\t\t\t\t\t<h2 class=\"elementor-cta__title elementor-cta__content-item elementor-content-item\">\n\t\t\t\t\t\tBeaches in Anglet\t\t\t\t\t<\/h2>\n\t\t\t\t\n\t\t\t\t\t\t\t\t\t<div class=\"elementor-cta__description elementor-cta__content-item elementor-content-item\">\n\t\t\t\t\t\tLittle California\" is a key destination on the Basque Coast, popular with surfers and visitors looking for a change of scenery. \t\t\t\t\t<\/div>\n\t\t\t\t\n\t\t\t\t\t\t\t\t\t<div class=\"elementor-cta__button-wrapper elementor-cta__content-item elementor-content-item\">\n\t\t\t\t\t<a class=\"elementor-cta__button elementor-button elementor-size-\" href=\"https:\/\/hotellesterrasses.maintenance.madare.dev\/en\/tourism-activities-what-to-do-in-anglet\/beaches-anglet\/\">\n\t\t\t\t\t\tDiscover\t\t\t\t\t<\/a>\n\t\t\t\t\t<\/div>\n\t\t\t\t\t\t\t<\/div>\n\t\t\t\t\t\t<\/div>\n\t\t\t\t\t\t<\/div>\n\t\t\t\t<\/div>\n\t\t\t\t<div class=\"elementor-element elementor-element-0476120 elementor-cta--skin-cover elementor-cta--valign-bottom elementor-widget__width-initial cta-texte-gauche btn-hidden btn-arrow elementor-bg-transform elementor-bg-transform-zoom-in elementor-widget elementor-widget-call-to-action\" data-id=\"0476120\" data-element_type=\"widget\" data-widget_type=\"call-to-action.default\">\n\t\t\t\t<div class=\"elementor-widget-container\">\n\t\t\t\t\t\t\t<div class=\"elementor-cta\">\n\t\t\t\t\t<div class=\"elementor-cta__bg-wrapper\">\n\t\t\t\t<div class=\"elementor-cta__bg elementor-bg\" style=\"background-image: url(https:\/\/hotellesterrasses.maintenance.madare.dev\/wp-content\/uploads\/2023\/08\/iStock-1412520987-1024x683.jpg);\" role=\"img\" aria-label=\"Beautiful view from the cliffs of bidart in south france to the atlantic ocean with a beach surfers people water waves an sky.\"><\/div>\n\t\t\t\t<div class=\"elementor-cta__bg-overlay\"><\/div>\n\t\t\t<\/div>\n\t\t\t\t\t\t\t<div class=\"elementor-cta__content\">\n\t\t\t\t\n\t\t\t\t\t\t\t\t\t<h2 class=\"elementor-cta__title elementor-cta__content-item elementor-content-item\">\n\t\t\t\t\t\tSurfing &amp; Walking\t\t\t\t\t<\/h2>\n\t\t\t\t\n\t\t\t\t\t\t\t\t\t<div class=\"elementor-cta__description elementor-cta__content-item elementor-content-item\">\n\t\t\t\t\t\tIf you're wondering what to do on the Basque Coast, the Basque Country offers visitors a wide choice of unforgettable activities and tours. \t\t\t\t\t<\/div>\n\t\t\t\t\n\t\t\t\t\t\t\t\t\t<div class=\"elementor-cta__button-wrapper elementor-cta__content-item elementor-content-item\">\n\t\t\t\t\t<a class=\"elementor-cta__button elementor-button elementor-size-\" href=\"https:\/\/hotellesterrasses.maintenance.madare.dev\/en\/tourism-activities-what-to-do-in-anglet\/surfing-and-walking\/\">\n\t\t\t\t\t\tDiscover\t\t\t\t\t<\/a>\n\t\t\t\t\t<\/div>\n\t\t\t\t\t\t\t<\/div>\n\t\t\t\t\t\t<\/div>\n\t\t\t\t\t\t<\/div>\n\t\t\t\t<\/div>\n\t\t\t\t<div class=\"elementor-element elementor-element-954d4c1 elementor-cta--skin-cover elementor-cta--valign-bottom elementor-widget__width-initial cta-texte-gauche btn-hidden btn-arrow elementor-bg-transform elementor-bg-transform-zoom-in elementor-widget elementor-widget-call-to-action\" data-id=\"954d4c1\" data-element_type=\"widget\" data-widget_type=\"call-to-action.default\">\n\t\t\t\t<div class=\"elementor-widget-container\">\n\t\t\t\t\t\t\t<div class=\"elementor-cta\">\n\t\t\t\t\t<div class=\"elementor-cta__bg-wrapper\">\n\t\t\t\t<div class=\"elementor-cta__bg elementor-bg\" style=\"background-image: url(https:\/\/hotellesterrasses.maintenance.madare.dev\/wp-content\/uploads\/2023\/08\/iStock-1196171582-1024x684.jpg);\" role=\"img\" aria-label=\"Group yoga on the beach.\"><\/div>\n\t\t\t\t<div class=\"elementor-cta__bg-overlay\"><\/div>\n\t\t\t<\/div>\n\t\t\t\t\t\t\t<div class=\"elementor-cta__content\">\n\t\t\t\t\n\t\t\t\t\t\t\t\t\t<h2 class=\"elementor-cta__title elementor-cta__content-item elementor-content-item\">\n\t\t\t\t\t\tAnglet and its activities\t\t\t\t\t<\/h2>\n\t\t\t\t\n\t\t\t\t\t\t\t\t\t<div class=\"elementor-cta__description elementor-cta__content-item elementor-content-item\">\n\t\t\t\t\t\tSport, culture, heritage, activities in Anglet to experience the Basque Country at 100%.\t\t\t\t\t<\/div>\n\t\t\t\t\n\t\t\t\t\t\t\t\t\t<div class=\"elementor-cta__button-wrapper elementor-cta__content-item elementor-content-item\">\n\t\t\t\t\t<a class=\"elementor-cta__button elementor-button elementor-size-\" href=\"https:\/\/hotellesterrasses.maintenance.madare.dev\/en\/tourism-activities-what-to-do-in-anglet\/anglet-activites\/\">\n\t\t\t\t\t\tDiscover\t\t\t\t\t<\/a>\n\t\t\t\t\t<\/div>\n\t\t\t\t\t\t\t<\/div>\n\t\t\t\t\t\t<\/div>\n\t\t\t\t\t\t<\/div>\n\t\t\t\t<\/div>\n\t\t\t\t<div class=\"elementor-element elementor-element-6cfd3e2 elementor-cta--skin-cover elementor-cta--valign-bottom elementor-widget__width-initial cta-texte-gauche btn-hidden btn-arrow elementor-bg-transform elementor-bg-transform-zoom-in elementor-widget elementor-widget-call-to-action\" data-id=\"6cfd3e2\" data-element_type=\"widget\" data-widget_type=\"call-to-action.default\">\n\t\t\t\t<div class=\"elementor-widget-container\">\n\t\t\t\t\t\t\t<div class=\"elementor-cta\">\n\t\t\t\t\t<div class=\"elementor-cta__bg-wrapper\">\n\t\t\t\t<div class=\"elementor-cta__bg elementor-bg\" style=\"background-image: url(https:\/\/hotellesterrasses.maintenance.madare.dev\/wp-content\/uploads\/2023\/08\/iStock-1137531628-1024x683.jpg);\" role=\"img\" aria-label=\"Three kids playing exploration and treasure hunt. Brothers and sister hiking through forest,Sunny summer day.Nikon D850\"><\/div>\n\t\t\t\t<div class=\"elementor-cta__bg-overlay\"><\/div>\n\t\t\t<\/div>\n\t\t\t\t\t\t\t<div class=\"elementor-cta__content\">\n\t\t\t\t\n\t\t\t\t\t\t\t\t\t<h2 class=\"elementor-cta__title elementor-cta__content-item elementor-content-item\">\n\t\t\t\t\t\tFamily Weekend in Anglet\t\t\t\t\t<\/h2>\n\t\t\t\t\n\t\t\t\t\t\t\t\t\t<div class=\"elementor-cta__description elementor-cta__content-item elementor-content-item\">\n\t\t\t\t\t\tAnglet is a renowned family seaside resort: its attractions, beaches and pine forests are the ideal playground for children. \t\t\t\t\t<\/div>\n\t\t\t\t\n\t\t\t\t\t\t\t\t\t<div class=\"elementor-cta__button-wrapper elementor-cta__content-item elementor-content-item\">\n\t\t\t\t\t<a class=\"elementor-cta__button elementor-button elementor-size-\" href=\"https:\/\/hotellesterrasses.maintenance.madare.dev\/en\/tourism-activities-what-to-do-in-anglet\/what-to-do-in-anglet\/\">\n\t\t\t\t\t\tDiscover\t\t\t\t\t<\/a>\n\t\t\t\t\t<\/div>\n\t\t\t\t\t\t\t<\/div>\n\t\t\t\t\t\t<\/div>\n\t\t\t\t\t\t<\/div>\n\t\t\t\t<\/div>\n\t\t\t\t\t<\/div>\n\t\t\t\t<\/div>\n\t\t\t\t\t<\/div>\n\t\t\t\t<\/div>\n\t\t<div class=\"elementor-element elementor-element-21c658d e-con-full e-flex e-con e-parent\" data-id=\"21c658d\" data-element_type=\"container\" data-settings=\"{&quot;background_background&quot;:&quot;classic&quot;}\">\n\t\t<div class=\"elementor-element elementor-element-f678739 e-con-full e-flex e-con e-child\" data-id=\"f678739\" data-element_type=\"container\">\n\t\t\t\t<div class=\"elementor-element elementor-element-eebe107 elementor-widget elementor-widget-heading\" data-id=\"eebe107\" data-element_type=\"widget\" data-widget_type=\"heading.default\">\n\t\t\t\t<div class=\"elementor-widget-container\">\n\t\t\t\t\t<h2 class=\"elementor-heading-title elementor-size-default\">Things to see and do around Anglet<\/h2>\t\t\t\t<\/div>\n\t\t\t\t<\/div>\n\t\t\t\t<div class=\"elementor-element elementor-element-76e1d11 elementor-widget-divider--view-line elementor-widget elementor-widget-divider\" data-id=\"76e1d11\" data-element_type=\"widget\" data-widget_type=\"divider.default\">\n\t\t\t\t<div class=\"elementor-widget-container\">\n\t\t\t\t\t\t\t<div class=\"elementor-divider\">\n\t\t\t<span class=\"elementor-divider-separator\">\n\t\t\t\t\t\t<\/span>\n\t\t<\/div>\n\t\t\t\t\t\t<\/div>\n\t\t\t\t<\/div>\n\t\t\t\t<div class=\"elementor-element elementor-element-ee7caac elementor-widget elementor-widget-text-editor\" data-id=\"ee7caac\" data-element_type=\"widget\" data-widget_type=\"text-editor.default\">\n\t\t\t\t<div class=\"elementor-widget-container\">\n\t\t\t\t\t\t\t\t\t<p>Anglet has many charms to offer its visitors. Its Surf Avenue is a must-see, whether you're a board sports enthusiast or not, as are its splendid beaches that reveal a magnificent panorama of the horizon. Anglet also has different landscapes to vary the pleasures, with forests, historic villas and typically Basque architecture giving the town its characteristic charm.<\/p>\t\t\t\t\t\t\t\t<\/div>\n\t\t\t\t<\/div>\n\t\t\t\t<\/div>\n\t\t\t\t<\/div>\n\t\t<div class=\"elementor-element elementor-element-178cfb5 e-con-full e-flex e-con e-parent\" data-id=\"178cfb5\" data-element_type=\"container\">\n\t\t<div class=\"elementor-element elementor-element-318559e e-con-full e-flex e-con e-child\" data-id=\"318559e\" data-element_type=\"container\">\n\t\t\t\t<div class=\"elementor-element elementor-element-f1d1f30 elementor-widget elementor-widget-heading\" data-id=\"f1d1f30\" data-element_type=\"widget\" data-widget_type=\"heading.default\">\n\t\t\t\t<div class=\"elementor-widget-container\">\n\t\t\t\t\t<h2 class=\"elementor-heading-title elementor-size-default\">Find out more <\/h2>\t\t\t\t<\/div>\n\t\t\t\t<\/div>\n\t\t\t\t<div class=\"elementor-element elementor-element-a7b3606 elementor-view-default elementor-widget elementor-widget-icon\" data-id=\"a7b3606\" data-element_type=\"widget\" data-widget_type=\"icon.default\">\n\t\t\t\t<div class=\"elementor-widget-container\">\n\t\t\t\t\t\t\t<div class=\"elementor-icon-wrapper\">\n\t\t\t<div class=\"elementor-icon\">\n\t\t\t<svg xmlns=\"http:\/\/www.w3.org\/2000\/svg\" width=\"4721\" height=\"1024\" viewbox=\"0 0 4721 1024\"><title><\/title><g id=\"icomoon-ignore\"><\/g><path d=\"M4719.542 686.137c-14.578-16.391-29.63-30.797-45.731-43.933l-0.218-0.176c-122.573-60.482-570.066-175.569-966.051-221.99-367.583-47.829-787.155-60.53-1213.579-30.621-77.228 5.417-154.039 12.186-230.41 20.283l11.070-1.091c-681.528 68.27-1275.654 115.060-1579.65 85.212-377.404-36.852-611.317-125.343-675.959-162.385l-7.504 2.445c141.201 115.371 309.437 199.358 492.55 241.439l8.695 1.64c377.96 99.496 793.208 119.621 1398.815 54.117 647.481-70.36 1808.145-238.118 2823.135 70.626z\"><\/path><\/svg>\t\t\t<\/div>\n\t\t<\/div>\n\t\t\t\t\t\t<\/div>\n\t\t\t\t<\/div>\n\t\t\t\t<\/div>\n\t\t<div class=\"elementor-element elementor-element-409d8ee e-con-full e-flex e-con e-child\" data-id=\"409d8ee\" data-element_type=\"container\">\n\t\t\t\t<div class=\"elementor-element elementor-element-e7483c6 elementor-cta--skin-cover elementor-widget__width-auto cta-fond-anim btn-cta-wave elementor-widget elementor-widget-call-to-action\" data-id=\"e7483c6\" data-element_type=\"widget\" data-widget_type=\"call-to-action.default\">\n\t\t\t\t<div class=\"elementor-widget-container\">\n\t\t\t\t\t\t\t<div class=\"elementor-cta\">\n\t\t\t\t\t<div class=\"elementor-cta__bg-wrapper\">\n\t\t\t\t<div class=\"elementor-cta__bg elementor-bg\" style=\"background-image: url(https:\/\/hotellesterrasses.maintenance.madare.dev\/wp-content\/uploads\/2023\/10\/atlanthal-eliophot-arsandaux-792-1024x683.jpg);\" role=\"img\" aria-label=\"atlanthal-eliophot-arsandaux-792\"><\/div>\n\t\t\t\t<div class=\"elementor-cta__bg-overlay\"><\/div>\n\t\t\t<\/div>\n\t\t\t\t\t\t\t<div class=\"elementor-cta__content\">\n\t\t\t\t\n\t\t\t\t\t\t\t\t\t<h2 class=\"elementor-cta__title elementor-cta__content-item elementor-content-item\">\n\t\t\t\t\t\tLagoon &amp; Fitness\t\t\t\t\t<\/h2>\n\t\t\t\t\n\t\t\t\t\t\t\t\t\t<div class=\"elementor-cta__description elementor-cta__content-item elementor-content-item\">\n\t\t\t\t\t\tEscape &amp; softness\t\t\t\t\t<\/div>\n\t\t\t\t\n\t\t\t\t\t\t\t\t\t<div class=\"elementor-cta__button-wrapper elementor-cta__content-item elementor-content-item\">\n\t\t\t\t\t<a class=\"elementor-cta__button elementor-button elementor-size-\" href=\"https:\/\/hotellesterrasses.maintenance.madare.dev\/en\/lagon-fitness-anglet\/\">\n\t\t\t\t\t\tFind out more\t\t\t\t\t<\/a>\n\t\t\t\t\t<\/div>\n\t\t\t\t\t\t\t<\/div>\n\t\t\t\t\t\t<\/div>\n\t\t\t\t\t\t<\/div>\n\t\t\t\t<\/div>\n\t\t\t\t<\/div>\n\t\t<div class=\"elementor-element elementor-element-1f77565 e-con-full e-flex e-con e-child\" data-id=\"1f77565\" data-element_type=\"container\">\n\t\t\t\t<div class=\"elementor-element elementor-element-ffab13b elementor-cta--skin-cover elementor-widget__width-auto cta-fond-anim   btn-cta-wave elementor-widget elementor-widget-call-to-action\" data-id=\"ffab13b\" data-element_type=\"widget\" data-widget_type=\"call-to-action.default\">\n\t\t\t\t<div class=\"elementor-widget-container\">\n\t\t\t\t\t\t\t<div class=\"elementor-cta\">\n\t\t\t\t\t<div class=\"elementor-cta__bg-wrapper\">\n\t\t\t\t<div class=\"elementor-cta__bg elementor-bg\" style=\"background-image: url(https:\/\/hotellesterrasses.maintenance.madare.dev\/wp-content\/uploads\/2023\/09\/atlanthal-eliophot-arsandaux-161-683x1024.jpg);\" role=\"img\" aria-label=\"atlanthal-eliophot-arsandaux-161\"><\/div>\n\t\t\t\t<div class=\"elementor-cta__bg-overlay\"><\/div>\n\t\t\t<\/div>\n\t\t\t\t\t\t\t<div class=\"elementor-cta__content\">\n\t\t\t\t\n\t\t\t\t\t\t\t\t\t<h2 class=\"elementor-cta__title elementor-cta__content-item elementor-content-item\">\n\t\t\t\t\t\tSeminars &amp; Events\t\t\t\t\t<\/h2>\n\t\t\t\t\n\t\t\t\t\t\t\t\t\t<div class=\"elementor-cta__description elementor-cta__content-item elementor-content-item\">\n\t\t\t\t\t\tEverything you need for your group events\t\t\t\t\t<\/div>\n\t\t\t\t\n\t\t\t\t\t\t\t\t\t<div class=\"elementor-cta__button-wrapper elementor-cta__content-item elementor-content-item\">\n\t\t\t\t\t<a class=\"elementor-cta__button elementor-button elementor-size-\" href=\"https:\/\/hotellesterrasses.maintenance.madare.dev\/en\/seminars-and-events-basque-country\/\">\n\t\t\t\t\t\tFind out more\t\t\t\t\t<\/a>\n\t\t\t\t\t<\/div>\n\t\t\t\t\t\t\t<\/div>\n\t\t\t\t\t\t<\/div>\n\t\t\t\t\t\t<\/div>\n\t\t\t\t<\/div>\n\t\t\t\t<\/div>\n\t\t<div class=\"elementor-element elementor-element-ae9ca20 e-con-full e-flex e-con e-child\" data-id=\"ae9ca20\" data-element_type=\"container\">\n\t\t\t\t<div class=\"elementor-element elementor-element-ce33eaf elementor-cta--skin-cover elementor-widget__width-auto cta-fond-anim  btn-cta-wave elementor-widget elementor-widget-call-to-action\" data-id=\"ce33eaf\" data-element_type=\"widget\" data-widget_type=\"call-to-action.default\">\n\t\t\t\t<div class=\"elementor-widget-container\">\n\t\t\t\t\t\t\t<div class=\"elementor-cta\">\n\t\t\t\t\t<div class=\"elementor-cta__bg-wrapper\">\n\t\t\t\t<div class=\"elementor-cta__bg elementor-bg\" style=\"background-image: url(https:\/\/hotellesterrasses.maintenance.madare.dev\/wp-content\/uploads\/2023\/10\/les-terrasses-eliophot-arsandaux-15-1024x683.jpg);\" role=\"img\" aria-label=\"les-terrasses-eliophot-arsandaux-15\"><\/div>\n\t\t\t\t<div class=\"elementor-cta__bg-overlay\"><\/div>\n\t\t\t<\/div>\n\t\t\t\t\t\t\t<div class=\"elementor-cta__content\">\n\t\t\t\t\n\t\t\t\t\t\t\t\t\t<h2 class=\"elementor-cta__title elementor-cta__content-item elementor-content-item\">\n\t\t\t\t\t\tOur rooms\t\t\t\t\t<\/h2>\n\t\t\t\t\n\t\t\t\t\t\t\t\t\t<div class=\"elementor-cta__description elementor-cta__content-item elementor-content-item\">\n\t\t\t\t\t\tSleep lulled by the ocean\t\t\t\t\t<\/div>\n\t\t\t\t\n\t\t\t\t\t\t\t\t\t<div class=\"elementor-cta__button-wrapper elementor-cta__content-item elementor-content-item\">\n\t\t\t\t\t<a class=\"elementor-cta__button elementor-button elementor-size-\" href=\"https:\/\/hotellesterrasses.maintenance.madare.dev\/en\/anglet-hotel-rooms\/\">\n\t\t\t\t\t\tFind out more\t\t\t\t\t<\/a>\n\t\t\t\t\t<\/div>\n\t\t\t\t\t\t\t<\/div>\n\t\t\t\t\t\t<\/div>\n\t\t\t\t\t\t<\/div>\n\t\t\t\t<\/div>\n\t\t\t\t<\/div>\n\t\t\t\t<\/div>\n\t\t\t\t<\/div>","protected":false},"excerpt":{"rendered":"<p>Tourisme &amp; Activit\u00e9s Que faire \u00e0 Anglet Une escale inoubliable V\u00e9ritable terre de pr\u00e9dilection des surfeurs et de tous les amoureux des plages spectaculaires, la C\u00f4te Basque s\u2019\u00e9tend de Bayonne \u00e0 Hendaye, jusqu\u2019au Nord de l\u2019Espagne. Anglet est une des p\u00e9pites incontournables \u00e0 d\u00e9couvrir pour vivre le r\u00eave \u00ab Basque Californien \u00bb, le temps d\u2019une [&hellip;]<\/p>","protected":false},"author":21,"featured_media":0,"parent":0,"menu_order":0,"comment_status":"closed","ping_status":"closed","template":"","meta":{"inline_featured_image":false,"footnotes":""},"class_list":["post-365","page","type-page","status-publish","hentry"],"_links":{"self":[{"href":"https:\/\/hotellesterrasses.maintenance.madare.dev\/en\/wp-json\/wp\/v2\/pages\/365","targetHints":{"allow":["GET"]}}],"collection":[{"href":"https:\/\/hotellesterrasses.maintenance.madare.dev\/en\/wp-json\/wp\/v2\/pages"}],"about":[{"href":"https:\/\/hotellesterrasses.maintenance.madare.dev\/en\/wp-json\/wp\/v2\/types\/page"}],"author":[{"embeddable":true,"href":"https:\/\/hotellesterrasses.maintenance.madare.dev\/en\/wp-json\/wp\/v2\/users\/21"}],"replies":[{"embeddable":true,"href":"https:\/\/hotellesterrasses.maintenance.madare.dev\/en\/wp-json\/wp\/v2\/comments?post=365"}],"version-history":[{"count":181,"href":"https:\/\/hotellesterrasses.maintenance.madare.dev\/en\/wp-json\/wp\/v2\/pages\/365\/revisions"}],"predecessor-version":[{"id":4224,"href":"https:\/\/hotellesterrasses.maintenance.madare.dev\/en\/wp-json\/wp\/v2\/pages\/365\/revisions\/4224"}],"wp:attachment":[{"href":"https:\/\/hotellesterrasses.maintenance.madare.dev\/en\/wp-json\/wp\/v2\/media?parent=365"}],"curies":[{"name":"wp","href":"https:\/\/api.w.org\/{rel}","templated":true}]}}